{"id":14370,"date":"2021-07-06T09:29:17","date_gmt":"2021-07-06T08:29:17","guid":{"rendered":"https:\/\/dev.concert-hosteldieu.com\/?page_id=14370"},"modified":"2023-02-07T17:08:33","modified_gmt":"2023-02-07T16:08:33","slug":"martyn-harry","status":"publish","type":"page","link":"http:\/\/www.concert-hosteldieu.com\/en\/nos-artistes-invites\/martyn-harry\/","title":{"rendered":"Martyn Harry"},"content":{"rendered":"\n\n\t<h2>\n\t\t\t\tMartyn Harry\n\t\t\t<\/h2>\n\t\t\t<h4>Compositeur<\/h4>\t\n\t<p>Martyn Harry \u00e9tudie avec Alexander Goehr alors qu&rsquo;il \u00e9tait \u00e9l\u00e8ve au King&rsquo;s College de Cambridge, puis d\u00e9m\u00e9nage en Allemagne pour \u00e9tudier la composition de th\u00e9\u00e2tre musical avec Mauricio Kagel sur une bourse DAAD. De 1992 \u00e0 1997, il a \u00e9t\u00e9 producteur ex\u00e9cutif, New Music chez Sony Classical, cr\u00e9ant des enregistrements de musique de compositeurs tels que V. Silvestrov, H. Skempton, T. Riley et Bang on a Can.<\/p>\n<p>Ses propres compositions ont \u00e9t\u00e9 interpr\u00e9t\u00e9es et enregistr\u00e9es, entre autres, par le London Sinfonietta, l&rsquo;Alban Berg Ensemble, le Royal Northern Sinfonia, His Majestys Sagbutts &amp; Cornetts, Eos, les Quartets Villiers, Allegri, Ligeti et Cavaleri, Piano Circus, The New Music. Players, Action Transport Theatre et les BBC Singers. Ils ont \u00e9t\u00e9 diffus\u00e9s r\u00e9guli\u00e8rement sur BBC Radio 3, Classic FM, NDR 3, WDR 3 ainsi qu&rsquo;en Espagne, en Autriche et aux \u00c9tats-Unis.<\/p>\n<p>Parmi les \u0153uvres les plus jou\u00e9es de Martyn Harry, citons\u00a0<em>Regenstimmen\u00a0<\/em>pour harpe solo, cr\u00e9\u00e9e \u00e0 Purcell Room et enregistr\u00e9e pour NMC Records puis jou\u00e9e depuis dans toute l&rsquo;Europe ;\u00a0<em>Fantasy Unbuttoned<\/em>, dont la premi\u00e8re mondiale a eu lieu au Queen Elizabeth Hospital avec le London Sinfonietta sous la direction de Markus Stenz et qui a \u00e9t\u00e9 diffus\u00e9e \u00e0 plusieurs reprises sur l&rsquo;\u00e9mission \u00ab Here and Now \u00bb sur BBC Radio 3 ;\u00a0<em>Digging Deeper<\/em>, jou\u00e9e partout dans le monde par Piano Circus\u00a0;\u00a0<em>George Meets Arnie For Tennis<\/em>, enregistr\u00e9 par The New Music Players pour NMC Records et pr\u00e9sent\u00e9 en premi\u00e8re anglaise au Sage Gateshead ; et\u00a0<em>Empress Quartet<\/em>, cr\u00e9\u00e9 puis jou\u00e9 en Grande-Bretagne par le Quatuor Allegri.<\/p>\n<p>Martyn Harry compose \u00e9galement beaucoup pour l&rsquo;op\u00e9ra et le th\u00e9\u00e2tre musical, ainsi que pour des ensembles instrumentaux inhabituels. Ses \u0153uvres de th\u00e9\u00e2tre instrumental comprennent\u00a0<em>The End of the Line<\/em>\u00a0pour trois chanteurs et quatre instrumentistes, qui a \u00e9t\u00e9 cr\u00e9\u00e9e au Festival Huddersfield\u00a0;\u00a0<em>Signal Failure<\/em>\u00a0pour com\u00e9diens, musiciens et ordinateurs, qui a \u00e9t\u00e9 jou\u00e9e \u00e0 plusieurs reprises en Angleterre, aux Pays-Bas et en Allemagne et relanc\u00e9 \u00e0 The Sage Gateshead en 2003\u00a0; et\u00a0<em>Restraint\u00a0<\/em><em>for Handcuffed Pianist<\/em>\u00a0avec bande pr\u00e9enregistr\u00e9e, qui a \u00e9t\u00e9 diffus\u00e9e deux fois sur le programme \u00ab Here and Now \u00bb sur BBC Radio 3 et jou\u00e9e dans toute la Grande-Bretagne.<\/p>\n<p>Martyn Harry a \u00e9galement beaucoup travaill\u00e9 dans le domaine du cin\u00e9ma et du multim\u00e9dia. Il a \u00e9galement compos\u00e9 une s\u00e9rie d&rsquo;op\u00e9ras importants destin\u00e9s au jeune public, notamment\u00a0<em>My Mother Told Me Not To Stare<\/em>\u00a0qui a fait une tourn\u00e9e au Royaume-Uni en 2010 et 2012. Son prochain op\u00e9ra\u00a0<em>V\u00e9hicules<\/em>, sera cr\u00e9\u00e9 en mars 2020.<\/p>\n<p>R\u00e9cemment, Martyn Harry a compos\u00e9 un album intitul\u00e9\u00a0<em>Exercise Book<\/em>\u00a0(Sforzando Records), ainsi que\u00a0<em>At His Majesty&rsquo;s Pleasure<\/em>, une \u0153uvre d&rsquo;une soir\u00e9e pour des cuivres de la Renaissance compos\u00e9s pour l&rsquo;ensemble His Majestys Sagbutts &amp; Cornetts. Les deux \u0153uvres fusionnent des \u00e9l\u00e9ments tir\u00e9s de la musique ancienne, du th\u00e9\u00e2tre instrumental et de la musique de danse contemporaine.<\/p>\n<p>Martyn Harry travaille actuellement sur deux collaborations artistiques importantes : un cycle de deux heures de pi\u00e8ces pour piano,\u00a0<em>48<\/em>, pour le pianiste J. Powell et un ensemble de transcriptions d&rsquo;\u0153uvres de Berg, Mahler et Strauss que les sept musiciens de l&rsquo;Alban Berg Ensemble Wien viennent d&rsquo;enregistrer pour Deutsche Grammophon et jouent depuis r\u00e9guli\u00e8rement \u00e0 travers l&rsquo;Europe dans un programme incluant des pi\u00e8ces de musique de chambre compos\u00e9es par Martyn Harry. Ses commandes en cours incluent un nouveau travail pour cornet \u00e0 bouquin et musique \u00e9lectronique, un nouveau travail pour doulciane, sacqueboute et clavecin pour le Caecilia-Concert, un nouveau quatuor \u00e0 cordes pour le Quartet Villiers (qui enregistre toute sa musique de chambre pour Resnus), et une nouvelle \u0153uvre chorale pour Exaudi, qui sera cr\u00e9\u00e9e \u00e0 Hong Kong.<\/p>\n<h4>\n\t\tRetrouvez Martyn Harry dans :\n\t<\/h4>\n\t\t\t\t<a href=\"https:\/\/www.concert-hosteldieu.com\/nos-projets-en-tournee\/50-50\/\" target=\"_self\" itemprop=\"url\" rel=\"noopener\">\n\t\t\t\t<img loading=\"lazy\" decoding=\"async\" src=\"https:\/\/www.concert-hosteldieu.com\/wp-content\/uploads\/2022\/06\/Visuel-50-50-RVB.jpg\" alt=\"50\/50, un des projets en cr\u00e9ation du CHD\" itemprop=\"image\" height=\"1108\" width=\"1920\" title=\"Visuel 50-50 [RVB]\" onerror=\"this.style.display='none'\"  \/>\n\t\t\t\t<\/a>\n\t<h3>\n\t\t\t\t<a href=\"https:\/\/www.concert-hosteldieu.com\/nos-projets-en-creation\/50-50\/\" title=\"50\/50\" target=\"_self\" rel=\"noopener\">\n\t\t\t\t50\/50\n\t\t\t\t<\/a>\n\t\t\t<\/h3>\n\t\t\t<a href=\"http:\/\/www.martynharry.com\/\" target=\"_blank\" rel=\"noopener\" role=\"button\" aria-label=\"Site Internet\">\n\t\t\t\t\t\t\t\t\t\t\tSite Internet\n\t\t<\/a>\n\n","protected":false},"excerpt":{"rendered":"<p>Martyn Harry Compositeur Martyn Harry \u00e9tudie avec Alexander Goehr alors qu&rsquo;il \u00e9tait \u00e9l\u00e8ve au King&rsquo;s College de Cambridge, puis d\u00e9m\u00e9nage en Allemagne pour \u00e9tudier la composition de th\u00e9\u00e2tre musical avec Mauricio Kagel sur une bourse DAAD. De 1992 \u00e0 1997, [&hellip;]<\/p>\n","protected":false},"author":2776,"featured_media":18240,"parent":12628,"menu_order":0,"comment_status":"closed","ping_status":"closed","template":"","meta":{"site-sidebar-layout":"no-sidebar","site-content-layout":"page-builder","ast-site-content-layout":"default","site-content-style":"default","site-sidebar-style":"default","ast-global-header-display":"","ast-banner-title-visibility":"","ast-main-header-display":"","ast-hfb-above-header-display":"","ast-hfb-below-header-display":"","ast-hfb-mobile-header-display":"","site-post-title":"disabled","ast-breadcrumbs-content":"","ast-featured-img":"disabled","footer-sml-layout":"","ast-disable-related-posts":"","theme-transparent-header-meta":"enabled","adv-header-id-meta":"","stick-header-meta":"default","header-above-stick-meta":"","header-main-stick-meta":"","header-below-stick-meta":"","astra-migrate-meta-layouts":"default","ast-page-background-enabled":"default","ast-page-background-meta":{"desktop":{"background-color":"","background-image":"","background-repeat":"repeat","background-position":"center center","background-size":"auto","background-attachment":"scroll","background-type":"","background-media":"","overlay-type":"","overlay-color":"","overlay-opacity":"","overlay-gradient":""},"tablet":{"background-color":"","background-image":"","background-repeat":"repeat","background-position":"center center","background-size":"auto","background-attachment":"scroll","background-type":"","background-media":"","overlay-type":"","overlay-color":"","overlay-opacity":"","overlay-gradient":""},"mobile":{"background-color":"","background-image":"","background-repeat":"repeat","background-position":"center center","background-size":"auto","background-attachment":"scroll","background-type":"","background-media":"","overlay-type":"","overlay-color":"","overlay-opacity":"","overlay-gradient":""}},"ast-content-background-meta":{"desktop":{"background-color":"var(--ast-global-color-5)","background-image":"","background-repeat":"repeat","background-position":"center center","background-size":"auto","background-attachment":"scroll","background-type":"","background-media":"","overlay-type":"","overlay-color":"","overlay-opacity":"","overlay-gradient":""},"tablet":{"background-color":"var(--ast-global-color-5)","background-image":"","background-repeat":"repeat","background-position":"center center","background-size":"auto","background-attachment":"scroll","background-type":"","background-media":"","overlay-type":"","overlay-color":"","overlay-opacity":"","overlay-gradient":""},"mobile":{"background-color":"var(--ast-global-color-5)","background-image":"","background-repeat":"repeat","background-position":"center center","background-size":"auto","background-attachment":"scroll","background-type":"","background-media":"","overlay-type":"","overlay-color":"","overlay-opacity":"","overlay-gradient":""}},"footnotes":""},"categories":[169,171],"tags":[],"class_list":["post-14370","page","type-page","status-publish","has-post-thumbnail","hentry","category-equipe-artistique","category-nosartistesinvites"],"yoast_head":"<!-- This site is optimized with the Yoast SEO plugin v27.6 - https:\/\/yoast.com\/product\/yoast-seo-wordpress\/ -->\n<title>Martyn Harry - Le Concert de l&#039;Hostel Dieu<\/title>\n<meta name=\"description\" content=\"Retrouvez Martyn Harry au c\u00f4t\u00e9 du Concert de l&#039;Hostel Dieu dans 50\/50, une rencontre entre musique baroque et cr\u00e9ation contemporaine.\" \/>\n<meta name=\"robots\" content=\"index, follow, max-snippet:-1, max-image-preview:large, max-video-preview:-1\" \/>\n<link rel=\"canonical\" href=\"https:\/\/www.concert-hosteldieu.com\/en\/nos-artistes-invites\/martyn-harry\/\" \/>\n<meta property=\"og:locale\" content=\"en_GB\" \/>\n<meta property=\"og:type\" content=\"article\" \/>\n<meta property=\"og:title\" content=\"Martyn Harry - Le Concert de l&#039;Hostel Dieu\" \/>\n<meta property=\"og:description\" content=\"Retrouvez Martyn Harry au c\u00f4t\u00e9 du Concert de l&#039;Hostel Dieu dans 50\/50, une rencontre entre musique baroque et cr\u00e9ation contemporaine.\" \/>\n<meta property=\"og:url\" content=\"https:\/\/www.concert-hosteldieu.com\/en\/nos-artistes-invites\/martyn-harry\/\" \/>\n<meta property=\"og:site_name\" content=\"Le Concert de l&#039;Hostel Dieu\" \/>\n<meta property=\"article:publisher\" content=\"https:\/\/www.facebook.com\/leconcert.delhosteldieu\" \/>\n<meta property=\"article:modified_time\" content=\"2023-02-07T16:08:33+00:00\" \/>\n<meta property=\"og:image\" content=\"https:\/\/www.concert-hosteldieu.com\/wp-content\/uploads\/2022\/08\/Martyn-Harry\u00a9Florent-de-Gaudemar.jpg\" \/>\n\t<meta property=\"og:image:width\" content=\"1280\" \/>\n\t<meta property=\"og:image:height\" content=\"1920\" \/>\n\t<meta property=\"og:image:type\" content=\"image\/jpeg\" \/>\n<meta name=\"twitter:label1\" content=\"Estimated reading time\" \/>\n\t<meta name=\"twitter:data1\" content=\"4 minutes\" \/>\n<script type=\"application\/ld+json\" class=\"yoast-schema-graph\">{\"@context\":\"https:\\\/\\\/schema.org\",\"@graph\":[{\"@type\":\"WebPage\",\"@id\":\"https:\\\/\\\/www.concert-hosteldieu.com\\\/nos-artistes-invites\\\/martyn-harry\\\/\",\"url\":\"https:\\\/\\\/www.concert-hosteldieu.com\\\/nos-artistes-invites\\\/martyn-harry\\\/\",\"name\":\"Martyn Harry - Le Concert de l&#039;Hostel Dieu\",\"isPartOf\":{\"@id\":\"https:\\\/\\\/www.concert-hosteldieu.com\\\/#website\"},\"primaryImageOfPage\":{\"@id\":\"https:\\\/\\\/www.concert-hosteldieu.com\\\/nos-artistes-invites\\\/martyn-harry\\\/#primaryimage\"},\"image\":{\"@id\":\"https:\\\/\\\/www.concert-hosteldieu.com\\\/nos-artistes-invites\\\/martyn-harry\\\/#primaryimage\"},\"thumbnailUrl\":\"https:\\\/\\\/www.concert-hosteldieu.com\\\/wp-content\\\/uploads\\\/2022\\\/08\\\/Martyn-Harry\u00a9Florent-de-Gaudemar.jpg\",\"datePublished\":\"2021-07-06T08:29:17+00:00\",\"dateModified\":\"2023-02-07T16:08:33+00:00\",\"description\":\"Retrouvez Martyn Harry au c\u00f4t\u00e9 du Concert de l'Hostel Dieu dans 50\\\/50, une rencontre entre musique baroque et cr\u00e9ation contemporaine.\",\"breadcrumb\":{\"@id\":\"https:\\\/\\\/www.concert-hosteldieu.com\\\/nos-artistes-invites\\\/martyn-harry\\\/#breadcrumb\"},\"inLanguage\":\"en-GB\",\"potentialAction\":[{\"@type\":\"ReadAction\",\"target\":[\"https:\\\/\\\/www.concert-hosteldieu.com\\\/nos-artistes-invites\\\/martyn-harry\\\/\"]}]},{\"@type\":\"ImageObject\",\"inLanguage\":\"en-GB\",\"@id\":\"https:\\\/\\\/www.concert-hosteldieu.com\\\/nos-artistes-invites\\\/martyn-harry\\\/#primaryimage\",\"url\":\"https:\\\/\\\/www.concert-hosteldieu.com\\\/wp-content\\\/uploads\\\/2022\\\/08\\\/Martyn-Harry\u00a9Florent-de-Gaudemar.jpg\",\"contentUrl\":\"https:\\\/\\\/www.concert-hosteldieu.com\\\/wp-content\\\/uploads\\\/2022\\\/08\\\/Martyn-Harry\u00a9Florent-de-Gaudemar.jpg\",\"width\":1280,\"height\":1920},{\"@type\":\"BreadcrumbList\",\"@id\":\"https:\\\/\\\/www.concert-hosteldieu.com\\\/nos-artistes-invites\\\/martyn-harry\\\/#breadcrumb\",\"itemListElement\":[{\"@type\":\"ListItem\",\"position\":1,\"name\":\"Accueil\",\"item\":\"https:\\\/\\\/www.concert-hosteldieu.com\\\/\"},{\"@type\":\"ListItem\",\"position\":2,\"name\":\"Nos artistes invit\u00e9s\",\"item\":\"https:\\\/\\\/www.concert-hosteldieu.com\\\/nos-artistes-invites\\\/\"},{\"@type\":\"ListItem\",\"position\":3,\"name\":\"Martyn Harry\"}]},{\"@type\":\"WebSite\",\"@id\":\"https:\\\/\\\/www.concert-hosteldieu.com\\\/#website\",\"url\":\"https:\\\/\\\/www.concert-hosteldieu.com\\\/\",\"name\":\"Le Concert de l&#039;Hostel Dieu\",\"description\":\"Franck-Emmanuel Comte\",\"publisher\":{\"@id\":\"https:\\\/\\\/www.concert-hosteldieu.com\\\/#organization\"},\"potentialAction\":[{\"@type\":\"SearchAction\",\"target\":{\"@type\":\"EntryPoint\",\"urlTemplate\":\"https:\\\/\\\/www.concert-hosteldieu.com\\\/?s={search_term_string}\"},\"query-input\":{\"@type\":\"PropertyValueSpecification\",\"valueRequired\":true,\"valueName\":\"search_term_string\"}}],\"inLanguage\":\"en-GB\"},{\"@type\":\"Organization\",\"@id\":\"https:\\\/\\\/www.concert-hosteldieu.com\\\/#organization\",\"name\":\"Le Concert de l'Hostel Dieu\",\"url\":\"https:\\\/\\\/www.concert-hosteldieu.com\\\/\",\"logo\":{\"@type\":\"ImageObject\",\"inLanguage\":\"en-GB\",\"@id\":\"https:\\\/\\\/www.concert-hosteldieu.com\\\/#\\\/schema\\\/logo\\\/image\\\/\",\"url\":\"https:\\\/\\\/www.concert-hosteldieu.com\\\/wp-content\\\/uploads\\\/2021\\\/06\\\/logo-chd-noir-transparent.png\",\"contentUrl\":\"https:\\\/\\\/www.concert-hosteldieu.com\\\/wp-content\\\/uploads\\\/2021\\\/06\\\/logo-chd-noir-transparent.png\",\"width\":262,\"height\":106,\"caption\":\"Le Concert de l'Hostel Dieu\"},\"image\":{\"@id\":\"https:\\\/\\\/www.concert-hosteldieu.com\\\/#\\\/schema\\\/logo\\\/image\\\/\"},\"sameAs\":[\"https:\\\/\\\/www.facebook.com\\\/leconcert.delhosteldieu\",\"https:\\\/\\\/x.com\\\/CHDLyon\",\"https:\\\/\\\/instagram.com\\\/concert_hostel_dieu\",\"https:\\\/\\\/www.linkedin.com\\\/company\\\/le-concert-de-l'hostel-dieu\\\/\",\"https:\\\/\\\/www.youtube.com\\\/user\\\/CHDLyon\"]}]}<\/script>\n<!-- \/ Yoast SEO plugin. -->","yoast_head_json":{"title":"Martyn Harry - Le Concert de l&#039;Hostel Dieu","description":"Retrouvez Martyn Harry au c\u00f4t\u00e9 du Concert de l'Hostel Dieu dans 50\/50, une rencontre entre musique baroque et cr\u00e9ation contemporaine.","robots":{"index":"index","follow":"follow","max-snippet":"max-snippet:-1","max-image-preview":"max-image-preview:large","max-video-preview":"max-video-preview:-1"},"canonical":"https:\/\/www.concert-hosteldieu.com\/en\/nos-artistes-invites\/martyn-harry\/","og_locale":"en_GB","og_type":"article","og_title":"Martyn Harry - Le Concert de l&#039;Hostel Dieu","og_description":"Retrouvez Martyn Harry au c\u00f4t\u00e9 du Concert de l'Hostel Dieu dans 50\/50, une rencontre entre musique baroque et cr\u00e9ation contemporaine.","og_url":"https:\/\/www.concert-hosteldieu.com\/en\/nos-artistes-invites\/martyn-harry\/","og_site_name":"Le Concert de l&#039;Hostel Dieu","article_publisher":"https:\/\/www.facebook.com\/leconcert.delhosteldieu","article_modified_time":"2023-02-07T16:08:33+00:00","og_image":[{"width":1280,"height":1920,"url":"https:\/\/www.concert-hosteldieu.com\/wp-content\/uploads\/2022\/08\/Martyn-Harry\u00a9Florent-de-Gaudemar.jpg","type":"image\/jpeg"}],"twitter_misc":{"Estimated reading time":"4 minutes"},"schema":{"@context":"https:\/\/schema.org","@graph":[{"@type":"WebPage","@id":"https:\/\/www.concert-hosteldieu.com\/nos-artistes-invites\/martyn-harry\/","url":"https:\/\/www.concert-hosteldieu.com\/nos-artistes-invites\/martyn-harry\/","name":"Martyn Harry - Le Concert de l&#039;Hostel Dieu","isPartOf":{"@id":"https:\/\/www.concert-hosteldieu.com\/#website"},"primaryImageOfPage":{"@id":"https:\/\/www.concert-hosteldieu.com\/nos-artistes-invites\/martyn-harry\/#primaryimage"},"image":{"@id":"https:\/\/www.concert-hosteldieu.com\/nos-artistes-invites\/martyn-harry\/#primaryimage"},"thumbnailUrl":"https:\/\/www.concert-hosteldieu.com\/wp-content\/uploads\/2022\/08\/Martyn-Harry\u00a9Florent-de-Gaudemar.jpg","datePublished":"2021-07-06T08:29:17+00:00","dateModified":"2023-02-07T16:08:33+00:00","description":"Retrouvez Martyn Harry au c\u00f4t\u00e9 du Concert de l'Hostel Dieu dans 50\/50, une rencontre entre musique baroque et cr\u00e9ation contemporaine.","breadcrumb":{"@id":"https:\/\/www.concert-hosteldieu.com\/nos-artistes-invites\/martyn-harry\/#breadcrumb"},"inLanguage":"en-GB","potentialAction":[{"@type":"ReadAction","target":["https:\/\/www.concert-hosteldieu.com\/nos-artistes-invites\/martyn-harry\/"]}]},{"@type":"ImageObject","inLanguage":"en-GB","@id":"https:\/\/www.concert-hosteldieu.com\/nos-artistes-invites\/martyn-harry\/#primaryimage","url":"https:\/\/www.concert-hosteldieu.com\/wp-content\/uploads\/2022\/08\/Martyn-Harry\u00a9Florent-de-Gaudemar.jpg","contentUrl":"https:\/\/www.concert-hosteldieu.com\/wp-content\/uploads\/2022\/08\/Martyn-Harry\u00a9Florent-de-Gaudemar.jpg","width":1280,"height":1920},{"@type":"BreadcrumbList","@id":"https:\/\/www.concert-hosteldieu.com\/nos-artistes-invites\/martyn-harry\/#breadcrumb","itemListElement":[{"@type":"ListItem","position":1,"name":"Accueil","item":"https:\/\/www.concert-hosteldieu.com\/"},{"@type":"ListItem","position":2,"name":"Nos artistes invit\u00e9s","item":"https:\/\/www.concert-hosteldieu.com\/nos-artistes-invites\/"},{"@type":"ListItem","position":3,"name":"Martyn Harry"}]},{"@type":"WebSite","@id":"https:\/\/www.concert-hosteldieu.com\/#website","url":"https:\/\/www.concert-hosteldieu.com\/","name":"Le Concert de l&#039;Hostel Dieu","description":"Franck-Emmanuel Comte","publisher":{"@id":"https:\/\/www.concert-hosteldieu.com\/#organization"},"potentialAction":[{"@type":"SearchAction","target":{"@type":"EntryPoint","urlTemplate":"https:\/\/www.concert-hosteldieu.com\/?s={search_term_string}"},"query-input":{"@type":"PropertyValueSpecification","valueRequired":true,"valueName":"search_term_string"}}],"inLanguage":"en-GB"},{"@type":"Organization","@id":"https:\/\/www.concert-hosteldieu.com\/#organization","name":"Le Concert de l'Hostel Dieu","url":"https:\/\/www.concert-hosteldieu.com\/","logo":{"@type":"ImageObject","inLanguage":"en-GB","@id":"https:\/\/www.concert-hosteldieu.com\/#\/schema\/logo\/image\/","url":"https:\/\/www.concert-hosteldieu.com\/wp-content\/uploads\/2021\/06\/logo-chd-noir-transparent.png","contentUrl":"https:\/\/www.concert-hosteldieu.com\/wp-content\/uploads\/2021\/06\/logo-chd-noir-transparent.png","width":262,"height":106,"caption":"Le Concert de l'Hostel Dieu"},"image":{"@id":"https:\/\/www.concert-hosteldieu.com\/#\/schema\/logo\/image\/"},"sameAs":["https:\/\/www.facebook.com\/leconcert.delhosteldieu","https:\/\/x.com\/CHDLyon","https:\/\/instagram.com\/concert_hostel_dieu","https:\/\/www.linkedin.com\/company\/le-concert-de-l'hostel-dieu\/","https:\/\/www.youtube.com\/user\/CHDLyon"]}]}},"_links":{"self":[{"href":"http:\/\/www.concert-hosteldieu.com\/en\/wp-json\/wp\/v2\/pages\/14370","targetHints":{"allow":["GET"]}}],"collection":[{"href":"http:\/\/www.concert-hosteldieu.com\/en\/wp-json\/wp\/v2\/pages"}],"about":[{"href":"http:\/\/www.concert-hosteldieu.com\/en\/wp-json\/wp\/v2\/types\/page"}],"author":[{"embeddable":true,"href":"http:\/\/www.concert-hosteldieu.com\/en\/wp-json\/wp\/v2\/users\/2776"}],"replies":[{"embeddable":true,"href":"http:\/\/www.concert-hosteldieu.com\/en\/wp-json\/wp\/v2\/comments?post=14370"}],"version-history":[{"count":3,"href":"http:\/\/www.concert-hosteldieu.com\/en\/wp-json\/wp\/v2\/pages\/14370\/revisions"}],"predecessor-version":[{"id":19336,"href":"http:\/\/www.concert-hosteldieu.com\/en\/wp-json\/wp\/v2\/pages\/14370\/revisions\/19336"}],"up":[{"embeddable":true,"href":"http:\/\/www.concert-hosteldieu.com\/en\/wp-json\/wp\/v2\/pages\/12628"}],"wp:featuredmedia":[{"embeddable":true,"href":"http:\/\/www.concert-hosteldieu.com\/en\/wp-json\/wp\/v2\/media\/18240"}],"wp:attachment":[{"href":"http:\/\/www.concert-hosteldieu.com\/en\/wp-json\/wp\/v2\/media?parent=14370"}],"wp:term":[{"taxonomy":"category","embeddable":true,"href":"http:\/\/www.concert-hosteldieu.com\/en\/wp-json\/wp\/v2\/categories?post=14370"},{"taxonomy":"post_tag","embeddable":true,"href":"http:\/\/www.concert-hosteldieu.com\/en\/wp-json\/wp\/v2\/tags?post=14370"}],"curies":[{"name":"wp","href":"https:\/\/api.w.org\/{rel}","templated":true}]}}