{"id":14329,"date":"2021-07-05T16:51:59","date_gmt":"2021-07-05T15:51:59","guid":{"rendered":"https:\/\/dev.concert-hosteldieu.com\/?page_id=14329"},"modified":"2023-02-24T16:51:14","modified_gmt":"2023-02-24T15:51:14","slug":"david-chalmin","status":"publish","type":"page","link":"http:\/\/www.concert-hosteldieu.com\/en\/nos-artistes-invites\/david-chalmin\/","title":{"rendered":"David Chalmin"},"content":{"rendered":"\r\n\r\n\t<h2>\r\n\t\t\t\tDavid Chalmin\r\n\t\t\t<\/h2>\r\n\t\t\t<h4>Compositeur<\/h4>\t\r\n\t<p>David Chalmin est compositeur, producteur, ing\u00e9nieur du son et musicien. Ses diverses collaborations s&rsquo;\u00e9tendent de la musique classique \u00e0 l&rsquo;avant-garde.<\/p>\r\n<p>Il poss\u00e8de un vaste r\u00e9pertoire de producteur et d&rsquo;ing\u00e9nieur du son. Il a travaill\u00e9 avec Shannon Wright, The National, Katia et Marielle Lab\u00e8que, Efterklang, Bryce Dessner, Barbara Hannigan, Matt Elliott, The Third Eye Foundation, Zu, Richard Reed Parry ou encore Gaspar Claus. Parall\u00e8lement \u00e0 ses collaborations en studio, il est un compositeur et musicien accompli.<\/p>\r\n<p>En 2019, il \u00e9crit notamment deux pi\u00e8ces, une pour orgue (<em>Constellation,\u00a0<\/em>Festival Variations Nantes) et une autre pour 100 pianos (Philharmonie de Paris). Il se produit au sein du Minimalist Dream House Quartet aux c\u00f4t\u00e9s de Katia &amp; Marielle Lab\u00e8que et Bryce Dessner. Lors de leur tourn\u00e9e en Europe, ils auront Thom Yorke pour invit\u00e9 (Barbican, Philharmonie de Hambourg, Philharmonie de Paris, Auditorium de Lyon). Toujours en 2019, il sort son premier album d&rsquo;\u00e9lectronique instrumentale, <em>La Terre Invisible<\/em>\u00a0sur le label Ici d&rsquo;Ailleurs.<\/p>\r\n<p>Depuis septembre 2018, il est compositeur associ\u00e9 au Lieu Unique \u00e0 Nantes. En 2017, il a \u00e9t\u00e9 commissionn\u00e9 par la Fondation Singer-Polignac et le Festival de P\u00e2ques de Deauville afin d&rsquo;\u00e9crire une pi\u00e8ce pour ensemble baroque et \u00e9lectronique\u00a0<em>(Sept Particules).<\/em>\u00a0La m\u00eame ann\u00e9e, il \u00e9crit la musique originale du court m\u00e9trage de Madonna\u00a0<em>Her Story<\/em>\u00a0tourn\u00e9 par Luigi &amp; Iango.<\/p>\r\n<p>En 2016, il \u00e9crit la partition du ballet\u00a0<em>Star-Cross&rsquo;d Lovers<\/em>\u00a0cr\u00e9\u00e9 \u00e0 la Cit\u00e9 de la musique \u00e0 Paris. Cette pi\u00e8ce a \u00e9t\u00e9 compos\u00e9e pour les pianistes Katia et Marielle Lab\u00e8que, guitare \u00e9lectrique et percussions. Bas\u00e9e sur l&rsquo;histoire de Rom\u00e9o et Juliette, elle a \u00e9t\u00e9 enregistr\u00e9e pour Deutsche Grammophon en 2016.<\/p>\r\n<p>Avec Massimo Pupillo (ZU\/Uruk) et le batteur Rapha\u00ebl S\u00e9guinier (UBUNOIR), il a fond\u00e9 le groupe Triple Sun, un nom r\u00e9v\u00e9lateur d&rsquo;un amour inconditionnel pour le groupe Coil. Avec la pianiste Katia Lab\u00e8que, ils ont cr\u00e9\u00e9 un projet bas\u00e9 sur la musique de Moondog qui a \u00e9t\u00e9 pr\u00e9sent\u00e9 aux Nuits de Fourvi\u00e8res \u00e0 Lyon en 2016. La m\u00eame ann\u00e9e, ils rejoignent les fr\u00e8res Dessner (The National) et Justin Vernon (Bon Iver) pour le projet\u00a0<em>Invisible Bridge<\/em>\u00a0\u00e0 la Philharmonie de Paris.<\/p>\r\n<h4>\r\n\t\tRetrouvez David Chalmin dans :\r\n\t<\/h4>\r\n\t\t\t\t<a href=\"https:\/\/www.concert-hosteldieu.com\/nos-projets-en-tournee\/50-50\/\" target=\"_self\" itemprop=\"url\" rel=\"noopener\">\r\n\t\t\t\t<img loading=\"lazy\" decoding=\"async\" src=\"https:\/\/www.concert-hosteldieu.com\/wp-content\/uploads\/2022\/06\/Visuel-50-50-RVB.jpg\" alt=\"50\/50, un des projets en cr\u00e9ation du CHD\" itemprop=\"image\" height=\"1108\" width=\"1920\" title=\"Visuel 50-50 [RVB]\" onerror=\"this.style.display='none'\"  \/>\r\n\t\t\t\t<\/a>\r\n\t<h3>\r\n\t\t\t\t<a href=\"https:\/\/www.concert-hosteldieu.com\/nos-projets-en-creation\/50-50\/\" title=\"50\/50\" target=\"_self\" rel=\"noopener\">\r\n\t\t\t\t50\/50\r\n\t\t\t\t<\/a>\r\n\t\t\t<\/h3>\r\n\r\n","protected":false},"excerpt":{"rendered":"<p>David Chalmin Compositeur David Chalmin est compositeur, producteur, ing\u00e9nieur du son et musicien. Ses diverses collaborations s&rsquo;\u00e9tendent de la musique classique \u00e0 l&rsquo;avant-garde. Il poss\u00e8de un vaste r\u00e9pertoire de producteur et d&rsquo;ing\u00e9nieur du son. Il a travaill\u00e9 avec Shannon Wright, [&hellip;]<\/p>\n","protected":false},"author":2776,"featured_media":18243,"parent":12628,"menu_order":0,"comment_status":"closed","ping_status":"closed","template":"","meta":{"site-sidebar-layout":"no-sidebar","site-content-layout":"page-builder","ast-site-content-layout":"default","site-content-style":"default","site-sidebar-style":"default","ast-global-header-display":"","ast-banner-title-visibility":"","ast-main-header-display":"","ast-hfb-above-header-display":"","ast-hfb-below-header-display":"","ast-hfb-mobile-header-display":"","site-post-title":"disabled","ast-breadcrumbs-content":"","ast-featured-img":"disabled","footer-sml-layout":"","ast-disable-related-posts":"","theme-transparent-header-meta":"enabled","adv-header-id-meta":"","stick-header-meta":"default","header-above-stick-meta":"","header-main-stick-meta":"","header-below-stick-meta":"","astra-migrate-meta-layouts":"default","ast-page-background-enabled":"default","ast-page-background-meta":{"desktop":{"background-color":"","background-image":"","background-repeat":"repeat","background-position":"center center","background-size":"auto","background-attachment":"scroll","background-type":"","background-media":"","overlay-type":"","overlay-color":"","overlay-opacity":"","overlay-gradient":""},"tablet":{"background-color":"","background-image":"","background-repeat":"repeat","background-position":"center center","background-size":"auto","background-attachment":"scroll","background-type":"","background-media":"","overlay-type":"","overlay-color":"","overlay-opacity":"","overlay-gradient":""},"mobile":{"background-color":"","background-image":"","background-repeat":"repeat","background-position":"center center","background-size":"auto","background-attachment":"scroll","background-type":"","background-media":"","overlay-type":"","overlay-color":"","overlay-opacity":"","overlay-gradient":""}},"ast-content-background-meta":{"desktop":{"background-color":"var(--ast-global-color-5)","background-image":"","background-repeat":"repeat","background-position":"center center","background-size":"auto","background-attachment":"scroll","background-type":"","background-media":"","overlay-type":"","overlay-color":"","overlay-opacity":"","overlay-gradient":""},"tablet":{"background-color":"var(--ast-global-color-5)","background-image":"","background-repeat":"repeat","background-position":"center center","background-size":"auto","background-attachment":"scroll","background-type":"","background-media":"","overlay-type":"","overlay-color":"","overlay-opacity":"","overlay-gradient":""},"mobile":{"background-color":"var(--ast-global-color-5)","background-image":"","background-repeat":"repeat","background-position":"center center","background-size":"auto","background-attachment":"scroll","background-type":"","background-media":"","overlay-type":"","overlay-color":"","overlay-opacity":"","overlay-gradient":""}},"footnotes":""},"categories":[169,171],"tags":[],"class_list":["post-14329","page","type-page","status-publish","has-post-thumbnail","hentry","category-equipe-artistique","category-nosartistesinvites"],"yoast_head":"<!-- This site is optimized with the Yoast SEO plugin v27.3 - https:\/\/yoast.com\/product\/yoast-seo-wordpress\/ -->\n<title>David Chalmin - Le Concert de l&#039;Hostel Dieu<\/title>\n<meta name=\"description\" content=\"Retrouvez David Chalmin au c\u00f4t\u00e9 du Concert de l&#039;Hostel Dieu dans 50\/50, une rencontre entre musique baroque et cr\u00e9ation contemporaine.\" \/>\n<meta name=\"robots\" content=\"index, follow, max-snippet:-1, max-image-preview:large, max-video-preview:-1\" \/>\n<link rel=\"canonical\" href=\"https:\/\/www.concert-hosteldieu.com\/en\/nos-artistes-invites\/david-chalmin\/\" \/>\n<meta property=\"og:locale\" content=\"en_GB\" \/>\n<meta property=\"og:type\" content=\"article\" \/>\n<meta property=\"og:title\" content=\"David Chalmin - Le Concert de l&#039;Hostel Dieu\" \/>\n<meta property=\"og:description\" content=\"Retrouvez David Chalmin au c\u00f4t\u00e9 du Concert de l&#039;Hostel Dieu dans 50\/50, une rencontre entre musique baroque et cr\u00e9ation contemporaine.\" \/>\n<meta property=\"og:url\" content=\"https:\/\/www.concert-hosteldieu.com\/en\/nos-artistes-invites\/david-chalmin\/\" \/>\n<meta property=\"og:site_name\" content=\"Le Concert de l&#039;Hostel Dieu\" \/>\n<meta property=\"article:publisher\" content=\"https:\/\/www.facebook.com\/leconcert.delhosteldieu\" \/>\n<meta property=\"article:modified_time\" content=\"2023-02-24T15:51:14+00:00\" \/>\n<meta property=\"og:image\" content=\"https:\/\/www.concert-hosteldieu.com\/wp-content\/uploads\/2022\/08\/David-Chalmin\u00a9Florent-de-Gaudemar-1.jpg\" \/>\n\t<meta property=\"og:image:width\" content=\"1920\" \/>\n\t<meta property=\"og:image:height\" content=\"1280\" \/>\n\t<meta property=\"og:image:type\" content=\"image\/jpeg\" \/>\n<meta name=\"twitter:label1\" content=\"Estimated reading time\" \/>\n\t<meta name=\"twitter:data1\" content=\"3 minutes\" \/>\n<script type=\"application\/ld+json\" class=\"yoast-schema-graph\">{\"@context\":\"https:\\\/\\\/schema.org\",\"@graph\":[{\"@type\":\"WebPage\",\"@id\":\"https:\\\/\\\/www.concert-hosteldieu.com\\\/nos-artistes-invites\\\/david-chalmin\\\/\",\"url\":\"https:\\\/\\\/www.concert-hosteldieu.com\\\/nos-artistes-invites\\\/david-chalmin\\\/\",\"name\":\"David Chalmin - Le Concert de l&#039;Hostel Dieu\",\"isPartOf\":{\"@id\":\"https:\\\/\\\/www.concert-hosteldieu.com\\\/#website\"},\"primaryImageOfPage\":{\"@id\":\"https:\\\/\\\/www.concert-hosteldieu.com\\\/nos-artistes-invites\\\/david-chalmin\\\/#primaryimage\"},\"image\":{\"@id\":\"https:\\\/\\\/www.concert-hosteldieu.com\\\/nos-artistes-invites\\\/david-chalmin\\\/#primaryimage\"},\"thumbnailUrl\":\"https:\\\/\\\/www.concert-hosteldieu.com\\\/wp-content\\\/uploads\\\/2022\\\/08\\\/David-Chalmin\u00a9Florent-de-Gaudemar-1.jpg\",\"datePublished\":\"2021-07-05T15:51:59+00:00\",\"dateModified\":\"2023-02-24T15:51:14+00:00\",\"description\":\"Retrouvez David Chalmin au c\u00f4t\u00e9 du Concert de l'Hostel Dieu dans 50\\\/50, une rencontre entre musique baroque et cr\u00e9ation contemporaine.\",\"breadcrumb\":{\"@id\":\"https:\\\/\\\/www.concert-hosteldieu.com\\\/nos-artistes-invites\\\/david-chalmin\\\/#breadcrumb\"},\"inLanguage\":\"en-GB\",\"potentialAction\":[{\"@type\":\"ReadAction\",\"target\":[\"https:\\\/\\\/www.concert-hosteldieu.com\\\/nos-artistes-invites\\\/david-chalmin\\\/\"]}]},{\"@type\":\"ImageObject\",\"inLanguage\":\"en-GB\",\"@id\":\"https:\\\/\\\/www.concert-hosteldieu.com\\\/nos-artistes-invites\\\/david-chalmin\\\/#primaryimage\",\"url\":\"https:\\\/\\\/www.concert-hosteldieu.com\\\/wp-content\\\/uploads\\\/2022\\\/08\\\/David-Chalmin\u00a9Florent-de-Gaudemar-1.jpg\",\"contentUrl\":\"https:\\\/\\\/www.concert-hosteldieu.com\\\/wp-content\\\/uploads\\\/2022\\\/08\\\/David-Chalmin\u00a9Florent-de-Gaudemar-1.jpg\",\"width\":1920,\"height\":1280},{\"@type\":\"BreadcrumbList\",\"@id\":\"https:\\\/\\\/www.concert-hosteldieu.com\\\/nos-artistes-invites\\\/david-chalmin\\\/#breadcrumb\",\"itemListElement\":[{\"@type\":\"ListItem\",\"position\":1,\"name\":\"Accueil\",\"item\":\"https:\\\/\\\/www.concert-hosteldieu.com\\\/\"},{\"@type\":\"ListItem\",\"position\":2,\"name\":\"Nos artistes invit\u00e9s\",\"item\":\"https:\\\/\\\/www.concert-hosteldieu.com\\\/nos-artistes-invites\\\/\"},{\"@type\":\"ListItem\",\"position\":3,\"name\":\"David Chalmin\"}]},{\"@type\":\"WebSite\",\"@id\":\"https:\\\/\\\/www.concert-hosteldieu.com\\\/#website\",\"url\":\"https:\\\/\\\/www.concert-hosteldieu.com\\\/\",\"name\":\"Le Concert de l&#039;Hostel Dieu\",\"description\":\"Franck-Emmanuel Comte\",\"publisher\":{\"@id\":\"https:\\\/\\\/www.concert-hosteldieu.com\\\/#organization\"},\"potentialAction\":[{\"@type\":\"SearchAction\",\"target\":{\"@type\":\"EntryPoint\",\"urlTemplate\":\"https:\\\/\\\/www.concert-hosteldieu.com\\\/?s={search_term_string}\"},\"query-input\":{\"@type\":\"PropertyValueSpecification\",\"valueRequired\":true,\"valueName\":\"search_term_string\"}}],\"inLanguage\":\"en-GB\"},{\"@type\":\"Organization\",\"@id\":\"https:\\\/\\\/www.concert-hosteldieu.com\\\/#organization\",\"name\":\"Le Concert de l'Hostel Dieu\",\"url\":\"https:\\\/\\\/www.concert-hosteldieu.com\\\/\",\"logo\":{\"@type\":\"ImageObject\",\"inLanguage\":\"en-GB\",\"@id\":\"https:\\\/\\\/www.concert-hosteldieu.com\\\/#\\\/schema\\\/logo\\\/image\\\/\",\"url\":\"https:\\\/\\\/www.concert-hosteldieu.com\\\/wp-content\\\/uploads\\\/2021\\\/06\\\/logo-chd-noir-transparent.png\",\"contentUrl\":\"https:\\\/\\\/www.concert-hosteldieu.com\\\/wp-content\\\/uploads\\\/2021\\\/06\\\/logo-chd-noir-transparent.png\",\"width\":262,\"height\":106,\"caption\":\"Le Concert de l'Hostel Dieu\"},\"image\":{\"@id\":\"https:\\\/\\\/www.concert-hosteldieu.com\\\/#\\\/schema\\\/logo\\\/image\\\/\"},\"sameAs\":[\"https:\\\/\\\/www.facebook.com\\\/leconcert.delhosteldieu\",\"https:\\\/\\\/x.com\\\/CHDLyon\",\"https:\\\/\\\/instagram.com\\\/concert_hostel_dieu\",\"https:\\\/\\\/www.linkedin.com\\\/company\\\/le-concert-de-l'hostel-dieu\\\/\",\"https:\\\/\\\/www.youtube.com\\\/user\\\/CHDLyon\"]}]}<\/script>\n<!-- \/ Yoast SEO plugin. -->","yoast_head_json":{"title":"David Chalmin - Le Concert de l&#039;Hostel Dieu","description":"Retrouvez David Chalmin au c\u00f4t\u00e9 du Concert de l'Hostel Dieu dans 50\/50, une rencontre entre musique baroque et cr\u00e9ation contemporaine.","robots":{"index":"index","follow":"follow","max-snippet":"max-snippet:-1","max-image-preview":"max-image-preview:large","max-video-preview":"max-video-preview:-1"},"canonical":"https:\/\/www.concert-hosteldieu.com\/en\/nos-artistes-invites\/david-chalmin\/","og_locale":"en_GB","og_type":"article","og_title":"David Chalmin - Le Concert de l&#039;Hostel Dieu","og_description":"Retrouvez David Chalmin au c\u00f4t\u00e9 du Concert de l'Hostel Dieu dans 50\/50, une rencontre entre musique baroque et cr\u00e9ation contemporaine.","og_url":"https:\/\/www.concert-hosteldieu.com\/en\/nos-artistes-invites\/david-chalmin\/","og_site_name":"Le Concert de l&#039;Hostel Dieu","article_publisher":"https:\/\/www.facebook.com\/leconcert.delhosteldieu","article_modified_time":"2023-02-24T15:51:14+00:00","og_image":[{"width":1920,"height":1280,"url":"https:\/\/www.concert-hosteldieu.com\/wp-content\/uploads\/2022\/08\/David-Chalmin\u00a9Florent-de-Gaudemar-1.jpg","type":"image\/jpeg"}],"twitter_misc":{"Estimated reading time":"3 minutes"},"schema":{"@context":"https:\/\/schema.org","@graph":[{"@type":"WebPage","@id":"https:\/\/www.concert-hosteldieu.com\/nos-artistes-invites\/david-chalmin\/","url":"https:\/\/www.concert-hosteldieu.com\/nos-artistes-invites\/david-chalmin\/","name":"David Chalmin - Le Concert de l&#039;Hostel Dieu","isPartOf":{"@id":"https:\/\/www.concert-hosteldieu.com\/#website"},"primaryImageOfPage":{"@id":"https:\/\/www.concert-hosteldieu.com\/nos-artistes-invites\/david-chalmin\/#primaryimage"},"image":{"@id":"https:\/\/www.concert-hosteldieu.com\/nos-artistes-invites\/david-chalmin\/#primaryimage"},"thumbnailUrl":"https:\/\/www.concert-hosteldieu.com\/wp-content\/uploads\/2022\/08\/David-Chalmin\u00a9Florent-de-Gaudemar-1.jpg","datePublished":"2021-07-05T15:51:59+00:00","dateModified":"2023-02-24T15:51:14+00:00","description":"Retrouvez David Chalmin au c\u00f4t\u00e9 du Concert de l'Hostel Dieu dans 50\/50, une rencontre entre musique baroque et cr\u00e9ation contemporaine.","breadcrumb":{"@id":"https:\/\/www.concert-hosteldieu.com\/nos-artistes-invites\/david-chalmin\/#breadcrumb"},"inLanguage":"en-GB","potentialAction":[{"@type":"ReadAction","target":["https:\/\/www.concert-hosteldieu.com\/nos-artistes-invites\/david-chalmin\/"]}]},{"@type":"ImageObject","inLanguage":"en-GB","@id":"https:\/\/www.concert-hosteldieu.com\/nos-artistes-invites\/david-chalmin\/#primaryimage","url":"https:\/\/www.concert-hosteldieu.com\/wp-content\/uploads\/2022\/08\/David-Chalmin\u00a9Florent-de-Gaudemar-1.jpg","contentUrl":"https:\/\/www.concert-hosteldieu.com\/wp-content\/uploads\/2022\/08\/David-Chalmin\u00a9Florent-de-Gaudemar-1.jpg","width":1920,"height":1280},{"@type":"BreadcrumbList","@id":"https:\/\/www.concert-hosteldieu.com\/nos-artistes-invites\/david-chalmin\/#breadcrumb","itemListElement":[{"@type":"ListItem","position":1,"name":"Accueil","item":"https:\/\/www.concert-hosteldieu.com\/"},{"@type":"ListItem","position":2,"name":"Nos artistes invit\u00e9s","item":"https:\/\/www.concert-hosteldieu.com\/nos-artistes-invites\/"},{"@type":"ListItem","position":3,"name":"David Chalmin"}]},{"@type":"WebSite","@id":"https:\/\/www.concert-hosteldieu.com\/#website","url":"https:\/\/www.concert-hosteldieu.com\/","name":"Le Concert de l&#039;Hostel Dieu","description":"Franck-Emmanuel Comte","publisher":{"@id":"https:\/\/www.concert-hosteldieu.com\/#organization"},"potentialAction":[{"@type":"SearchAction","target":{"@type":"EntryPoint","urlTemplate":"https:\/\/www.concert-hosteldieu.com\/?s={search_term_string}"},"query-input":{"@type":"PropertyValueSpecification","valueRequired":true,"valueName":"search_term_string"}}],"inLanguage":"en-GB"},{"@type":"Organization","@id":"https:\/\/www.concert-hosteldieu.com\/#organization","name":"Le Concert de l'Hostel Dieu","url":"https:\/\/www.concert-hosteldieu.com\/","logo":{"@type":"ImageObject","inLanguage":"en-GB","@id":"https:\/\/www.concert-hosteldieu.com\/#\/schema\/logo\/image\/","url":"https:\/\/www.concert-hosteldieu.com\/wp-content\/uploads\/2021\/06\/logo-chd-noir-transparent.png","contentUrl":"https:\/\/www.concert-hosteldieu.com\/wp-content\/uploads\/2021\/06\/logo-chd-noir-transparent.png","width":262,"height":106,"caption":"Le Concert de l'Hostel Dieu"},"image":{"@id":"https:\/\/www.concert-hosteldieu.com\/#\/schema\/logo\/image\/"},"sameAs":["https:\/\/www.facebook.com\/leconcert.delhosteldieu","https:\/\/x.com\/CHDLyon","https:\/\/instagram.com\/concert_hostel_dieu","https:\/\/www.linkedin.com\/company\/le-concert-de-l'hostel-dieu\/","https:\/\/www.youtube.com\/user\/CHDLyon"]}]}},"_links":{"self":[{"href":"http:\/\/www.concert-hosteldieu.com\/en\/wp-json\/wp\/v2\/pages\/14329","targetHints":{"allow":["GET"]}}],"collection":[{"href":"http:\/\/www.concert-hosteldieu.com\/en\/wp-json\/wp\/v2\/pages"}],"about":[{"href":"http:\/\/www.concert-hosteldieu.com\/en\/wp-json\/wp\/v2\/types\/page"}],"author":[{"embeddable":true,"href":"http:\/\/www.concert-hosteldieu.com\/en\/wp-json\/wp\/v2\/users\/2776"}],"replies":[{"embeddable":true,"href":"http:\/\/www.concert-hosteldieu.com\/en\/wp-json\/wp\/v2\/comments?post=14329"}],"version-history":[{"count":3,"href":"http:\/\/www.concert-hosteldieu.com\/en\/wp-json\/wp\/v2\/pages\/14329\/revisions"}],"predecessor-version":[{"id":19089,"href":"http:\/\/www.concert-hosteldieu.com\/en\/wp-json\/wp\/v2\/pages\/14329\/revisions\/19089"}],"up":[{"embeddable":true,"href":"http:\/\/www.concert-hosteldieu.com\/en\/wp-json\/wp\/v2\/pages\/12628"}],"wp:featuredmedia":[{"embeddable":true,"href":"http:\/\/www.concert-hosteldieu.com\/en\/wp-json\/wp\/v2\/media\/18243"}],"wp:attachment":[{"href":"http:\/\/www.concert-hosteldieu.com\/en\/wp-json\/wp\/v2\/media?parent=14329"}],"wp:term":[{"taxonomy":"category","embeddable":true,"href":"http:\/\/www.concert-hosteldieu.com\/en\/wp-json\/wp\/v2\/categories?post=14329"},{"taxonomy":"post_tag","embeddable":true,"href":"http:\/\/www.concert-hosteldieu.com\/en\/wp-json\/wp\/v2\/tags?post=14329"}],"curies":[{"name":"wp","href":"https:\/\/api.w.org\/{rel}","templated":true}]}}