{"id":14282,"date":"2021-07-05T14:46:22","date_gmt":"2021-07-05T13:46:22","guid":{"rendered":"https:\/\/dev.concert-hosteldieu.com\/?page_id=14282"},"modified":"2021-09-23T08:58:25","modified_gmt":"2021-09-23T07:58:25","slug":"lila-hajosi-2","status":"publish","type":"page","link":"http:\/\/www.concert-hosteldieu.com\/en\/nos-artistes-invites\/lila-hajosi-2\/","title":{"rendered":"Lila Hajosi"},"content":{"rendered":"<a href=\"https:\/\/www.concert-hosteldieu.com\/en\/nos-artistes-invites\/\" target=\"_self\" role=\"button\" aria-label=\"Our guest artists\" rel=\"noopener\">\n\t\t\t\t\t\t\t\t\t\t\tOur guest artists\n\t\t<\/a>\n\t<h2>\n\t\t\t\tLila Hajosi\n\t\t\t<\/h2>\n\t\t\t<h4>Mezzo Soprano<\/h4>\t\n<p>La mezzo-soprano Lila Hajosi entre en 2012 au Conservatoire d&rsquo;Aix-en-Provence en chant lyrique puis int\u00e8gre les classes d&rsquo;art dramatique, de musique ancienne et de musique de chambre. Au Conservatoire de Marseille, elle rejoint la classe d&rsquo;art lyrique de Magali Damonte. Elle se perfectionne en cours particuliers aupr\u00e8s de Malcolm Walker puis de Dunja Vejzovic. Elle re\u00e7oit l&rsquo;enseignement de Sara Mingardo, Teodor Currentzis, Jordi Savall, Laurence Dale, Brigitte Balleys, St\u00e9phanie d&rsquo;Oustrac et de Regina Werner-Dietrich en master class ou cours occasionnels. En 2017, elle obtient un premier Prix d&rsquo;art lyrique au Conservatoire de Marseille et est choisie pour l&rsquo;Acad\u00e9mie de la fondation du CIMA (Centre Internacional de Musica Antiga) sous la direction de Jordi Savall.<\/p>\n<p>En 2018, Lila Hajosi est laur\u00e9ate du Prix Jeune Espoir Dussurget. Elle est artiste en r\u00e9sidence \u00e0 la Chapelle musicale Reine Elisabeth aupr\u00e8s de Jos\u00e9 van Dam et Sophie Koch, apr\u00e8s avoir \u00e9t\u00e9 \u00e9galement admise \u00e0 la Royal Opera Academy de Copenhague et \u00e0 l&rsquo;Op\u00e9ra de Biel. Elle se produit avec la Capella Reial de Catalunya de Jordi Savall, Ricercar Antico, L&rsquo;Arpeggiata et prochainement l&rsquo;Ach\u00e9ron et Le Concert de l&rsquo;Hostel Dieu.<\/p>\n<p class=\"translation-block\">Lila performed in prestigious stages such as the Liceu in Barcelona, Aix en Provence Opera, Philharmonie de Paris, Teatro Ristori in Verona and under the direction of conductors such as Marc Korovitch, Jordi Savall and Jacques Chalmeau.<\/p>\n<p>En 2018, elle fonde avec le th\u00e9orbiste Giovanni Bellini l&rsquo;ensemble <a href=\"https:\/\/www.youtube.com\/watch?v=rZv5EqWSrTE\" target=\"_blank\" rel=\"noopener\">Amor il cor mi morse<\/a> qui se produit dans des festivals prestigieux en France et \u00e0 l&rsquo;international. Elle travaille sous la baguette de Jordi Savall, Marc Korovitch et Jacques Chalmeau, sur des sc\u00e8nes prestigieuses tels que Le Liceu, l&rsquo;Op\u00e9ra d&rsquo;Aix en Provence, la Philharmonie de Paris ou encore le Teatro Ristori de V\u00e9rone. Elle enregistre pour les labels L&rsquo;Empreinte digitale, Alia Vox et Brilliant Classics. <em>Maria Nostra<\/em>, son premier disque avec son trio vocal Irini, re\u00e7oit en f\u00e9vrier 2019 le Choc du magazine Classica. Elle chante en tant que soliste la Petite Messe Solennelle de Rossini en juin 2019 pour les 80 ans de la Chapelle musicale Reine Elisabeth avec le Vlaams Radio Choir sous la direction de Bart Van Reyn.<\/p>\n<p>Lila Hajosi participe \u00e0 une tourn\u00e9e <em>Orfeo<\/em> au printemps 2020 avec l&rsquo;Arpeggiata aux c\u00f4t\u00e9s de Rolando Villazon, dans le r\u00f4le de Euridice et comme doublure pour Proserpina, Speranza et Messaggiera (Graz, Wiener Konzerthaus, Philharmonie de Berlin, Munich, D\u00fcsseldorf, Leipzig, Th\u00e9\u00e2tre des Champs \u00c9lys\u00e9es). Elle pr\u00e9pare une tourn\u00e9e autour du mythe de <em>M\u00e9d\u00e9e<\/em> de Charpentier et <em>Teseo<\/em> de H\u00e4ndel avec Le Concert de l&rsquo;Hostel Dieu, ainsi que des concerts dans divers programmes avec l&rsquo;Ach\u00e9ron Consort. En 2021, elle se produira \u00e0 l&rsquo;Op\u00e9ra de Dijon dans <em>L&rsquo;Affaire Makropoulos<\/em> (la femme de chambre).<\/p>\n\t<h6>\n\t\t\t\tPortrait d&rsquo;artiste\n\t\t\t<\/h6>\n\t\t\t\t\t<a href=\"https:\/\/www.youtube.com\/watch?v=zlNtSxUfqyo\" data-fancybox=\"uabb-video-gallery\" data-url=\"https:\/\/www.youtube.com\/embed\/zlNtSxUfqyo?autoplay=1&#038;version=3&#038;enablejsapi=1\"class=\"uabb-video-gallery-fancybox uabb-vg__play_full\">\t\t\t\t\t\t\n\t\t\t\t\t<\/a>\t\t\t\t\n<h5>\n\t\tMeet Lila Hajosi in:\n\t<\/h5>\n\t\t\t\t<a href=\"https:\/\/www.concert-hosteldieu.com\/en\/nos-projets-en-creation\/medees\/\" target=\"_self\" itemprop=\"url\" rel=\"noopener\">\n\t\t\t\t<img loading=\"lazy\" decoding=\"async\" src=\"https:\/\/www.concert-hosteldieu.com\/wp-content\/uploads\/2020\/01\/concert-hostel-dieu-HAJOSI-Lila-credit-jonas-jacquel.jpg\" alt=\"concert-hostel-dieu-HAJOSI-Lila-credit-jonas-jacquel\" itemprop=\"image\" height=\"750\" width=\"1000\" title=\"concert-hostel-dieu-HAJOSI-Lila-credit-jonas-jacquel\" onerror=\"this.style.display='none'\"  \/>\n\t\t\t\t<\/a>\n\t<h3>\n\t\t\t\t<a href=\"https:\/\/www.concert-hosteldieu.com\/en\/nos-projets-en-creation\/medees\/\" title=\"M\u00e9d\u00e9e(s)\" target=\"_self\" rel=\"noopener\">\n\t\t\t\tM\u00e9d\u00e9e(s)\n\t\t\t\t<\/a>\n\t\t\t<\/h3>","protected":false},"excerpt":{"rendered":"<p>Artistes invit\u00e9s Lila Hajosi Mezzo-Soprano La mezzo-soprano Lila Hajosi entre en 2012 au Conservatoire d&rsquo;Aix-en-Provence en chant lyrique puis int\u00e8gre les classes d&rsquo;art dramatique, de musique ancienne et de musique de chambre. Au Conservatoire de Marseille, elle rejoint la classe [&hellip;]<\/p>\n","protected":false},"author":2776,"featured_media":0,"parent":12628,"menu_order":0,"comment_status":"closed","ping_status":"closed","template":"","meta":{"site-sidebar-layout":"no-sidebar","site-content-layout":"page-builder","ast-site-content-layout":"default","site-content-style":"default","site-sidebar-style":"default","ast-global-header-display":"","ast-banner-title-visibility":"","ast-main-header-display":"","ast-hfb-above-header-display":"","ast-hfb-below-header-display":"","ast-hfb-mobile-header-display":"","site-post-title":"disabled","ast-breadcrumbs-content":"","ast-featured-img":"disabled","footer-sml-layout":"","ast-disable-related-posts":"","theme-transparent-header-meta":"enabled","adv-header-id-meta":"","stick-header-meta":"default","header-above-stick-meta":"","header-main-stick-meta":"","header-below-stick-meta":"","astra-migrate-meta-layouts":"default","ast-page-background-enabled":"default","ast-page-background-meta":{"desktop":{"background-color":"","background-image":"","background-repeat":"repeat","background-position":"center center","background-size":"auto","background-attachment":"scroll","background-type":"","background-media":"","overlay-type":"","overlay-color":"","overlay-opacity":"","overlay-gradient":""},"tablet":{"background-color":"","background-image":"","background-repeat":"repeat","background-position":"center center","background-size":"auto","background-attachment":"scroll","background-type":"","background-media":"","overlay-type":"","overlay-color":"","overlay-opacity":"","overlay-gradient":""},"mobile":{"background-color":"","background-image":"","background-repeat":"repeat","background-position":"center center","background-size":"auto","background-attachment":"scroll","background-type":"","background-media":"","overlay-type":"","overlay-color":"","overlay-opacity":"","overlay-gradient":""}},"ast-content-background-meta":{"desktop":{"background-color":"var(--ast-global-color-5)","background-image":"","background-repeat":"repeat","background-position":"center center","background-size":"auto","background-attachment":"scroll","background-type":"","background-media":"","overlay-type":"","overlay-color":"","overlay-opacity":"","overlay-gradient":""},"tablet":{"background-color":"var(--ast-global-color-5)","background-image":"","background-repeat":"repeat","background-position":"center center","background-size":"auto","background-attachment":"scroll","background-type":"","background-media":"","overlay-type":"","overlay-color":"","overlay-opacity":"","overlay-gradient":""},"mobile":{"background-color":"var(--ast-global-color-5)","background-image":"","background-repeat":"repeat","background-position":"center center","background-size":"auto","background-attachment":"scroll","background-type":"","background-media":"","overlay-type":"","overlay-color":"","overlay-opacity":"","overlay-gradient":""}},"footnotes":""},"categories":[169,171],"tags":[],"class_list":["post-14282","page","type-page","status-publish","hentry","category-equipe-artistique","category-nosartistesinvites"],"yoast_head":"<!-- This site is optimized with the Yoast SEO plugin v27.6 - https:\/\/yoast.com\/product\/yoast-seo-wordpress\/ -->\n<title>Lila Hajosi - Le Concert de l&#039;Hostel Dieu<\/title>\n<meta name=\"robots\" content=\"index, follow, max-snippet:-1, max-image-preview:large, max-video-preview:-1\" \/>\n<link rel=\"canonical\" href=\"https:\/\/www.concert-hosteldieu.com\/en\/nos-artistes-invites\/lila-hajosi-2\/\" \/>\n<meta property=\"og:locale\" content=\"en_GB\" \/>\n<meta property=\"og:type\" content=\"article\" \/>\n<meta property=\"og:title\" content=\"Lila Hajosi - Le Concert de l&#039;Hostel Dieu\" \/>\n<meta property=\"og:description\" content=\"Artistes invit\u00e9s Lila Hajosi Mezzo-Soprano La mezzo-soprano Lila Hajosi entre en 2012 au Conservatoire d&rsquo;Aix-en-Provence en chant lyrique puis int\u00e8gre les classes d&rsquo;art dramatique, de musique ancienne et de musique de chambre. Au Conservatoire de Marseille, elle rejoint la classe [&hellip;]\" \/>\n<meta property=\"og:url\" content=\"https:\/\/www.concert-hosteldieu.com\/en\/nos-artistes-invites\/lila-hajosi-2\/\" \/>\n<meta property=\"og:site_name\" content=\"Le Concert de l&#039;Hostel Dieu\" \/>\n<meta property=\"article:publisher\" content=\"https:\/\/www.facebook.com\/leconcert.delhosteldieu\" \/>\n<meta property=\"article:modified_time\" content=\"2021-09-23T07:58:25+00:00\" \/>\n<meta property=\"og:image\" content=\"https:\/\/www.concert-hosteldieu.com\/wp-content\/uploads\/2020\/01\/concert-hostel-dieu-HAJOSI-Lila-credit-jonas-jacquel.jpg\" \/>\n<meta name=\"twitter:label1\" content=\"Estimated reading time\" \/>\n\t<meta name=\"twitter:data1\" content=\"3 minutes\" \/>\n<script type=\"application\/ld+json\" class=\"yoast-schema-graph\">{\"@context\":\"https:\\\/\\\/schema.org\",\"@graph\":[{\"@type\":\"WebPage\",\"@id\":\"https:\\\/\\\/www.concert-hosteldieu.com\\\/nos-artistes-invites\\\/lila-hajosi-2\\\/\",\"url\":\"https:\\\/\\\/www.concert-hosteldieu.com\\\/nos-artistes-invites\\\/lila-hajosi-2\\\/\",\"name\":\"Lila Hajosi - Le Concert de l&#039;Hostel Dieu\",\"isPartOf\":{\"@id\":\"https:\\\/\\\/www.concert-hosteldieu.com\\\/#website\"},\"primaryImageOfPage\":{\"@id\":\"https:\\\/\\\/www.concert-hosteldieu.com\\\/nos-artistes-invites\\\/lila-hajosi-2\\\/#primaryimage\"},\"image\":{\"@id\":\"https:\\\/\\\/www.concert-hosteldieu.com\\\/nos-artistes-invites\\\/lila-hajosi-2\\\/#primaryimage\"},\"thumbnailUrl\":\"https:\\\/\\\/www.concert-hosteldieu.com\\\/wp-content\\\/uploads\\\/2020\\\/01\\\/concert-hostel-dieu-HAJOSI-Lila-credit-jonas-jacquel.jpg\",\"datePublished\":\"2021-07-05T13:46:22+00:00\",\"dateModified\":\"2021-09-23T07:58:25+00:00\",\"breadcrumb\":{\"@id\":\"https:\\\/\\\/www.concert-hosteldieu.com\\\/nos-artistes-invites\\\/lila-hajosi-2\\\/#breadcrumb\"},\"inLanguage\":\"en-GB\",\"potentialAction\":[{\"@type\":\"ReadAction\",\"target\":[\"https:\\\/\\\/www.concert-hosteldieu.com\\\/nos-artistes-invites\\\/lila-hajosi-2\\\/\"]}]},{\"@type\":\"ImageObject\",\"inLanguage\":\"en-GB\",\"@id\":\"https:\\\/\\\/www.concert-hosteldieu.com\\\/nos-artistes-invites\\\/lila-hajosi-2\\\/#primaryimage\",\"url\":\"https:\\\/\\\/www.concert-hosteldieu.com\\\/wp-content\\\/uploads\\\/2020\\\/01\\\/concert-hostel-dieu-HAJOSI-Lila-credit-jonas-jacquel.jpg\",\"contentUrl\":\"https:\\\/\\\/www.concert-hosteldieu.com\\\/wp-content\\\/uploads\\\/2020\\\/01\\\/concert-hostel-dieu-HAJOSI-Lila-credit-jonas-jacquel.jpg\"},{\"@type\":\"BreadcrumbList\",\"@id\":\"https:\\\/\\\/www.concert-hosteldieu.com\\\/nos-artistes-invites\\\/lila-hajosi-2\\\/#breadcrumb\",\"itemListElement\":[{\"@type\":\"ListItem\",\"position\":1,\"name\":\"Accueil\",\"item\":\"https:\\\/\\\/www.concert-hosteldieu.com\\\/\"},{\"@type\":\"ListItem\",\"position\":2,\"name\":\"Nos artistes invit\u00e9s\",\"item\":\"https:\\\/\\\/www.concert-hosteldieu.com\\\/nos-artistes-invites\\\/\"},{\"@type\":\"ListItem\",\"position\":3,\"name\":\"Lila Hajosi\"}]},{\"@type\":\"WebSite\",\"@id\":\"https:\\\/\\\/www.concert-hosteldieu.com\\\/#website\",\"url\":\"https:\\\/\\\/www.concert-hosteldieu.com\\\/\",\"name\":\"Le Concert de l&#039;Hostel Dieu\",\"description\":\"Franck-Emmanuel Comte\",\"publisher\":{\"@id\":\"https:\\\/\\\/www.concert-hosteldieu.com\\\/#organization\"},\"potentialAction\":[{\"@type\":\"SearchAction\",\"target\":{\"@type\":\"EntryPoint\",\"urlTemplate\":\"https:\\\/\\\/www.concert-hosteldieu.com\\\/?s={search_term_string}\"},\"query-input\":{\"@type\":\"PropertyValueSpecification\",\"valueRequired\":true,\"valueName\":\"search_term_string\"}}],\"inLanguage\":\"en-GB\"},{\"@type\":\"Organization\",\"@id\":\"https:\\\/\\\/www.concert-hosteldieu.com\\\/#organization\",\"name\":\"Le Concert de l'Hostel Dieu\",\"url\":\"https:\\\/\\\/www.concert-hosteldieu.com\\\/\",\"logo\":{\"@type\":\"ImageObject\",\"inLanguage\":\"en-GB\",\"@id\":\"https:\\\/\\\/www.concert-hosteldieu.com\\\/#\\\/schema\\\/logo\\\/image\\\/\",\"url\":\"https:\\\/\\\/www.concert-hosteldieu.com\\\/wp-content\\\/uploads\\\/2021\\\/06\\\/logo-chd-noir-transparent.png\",\"contentUrl\":\"https:\\\/\\\/www.concert-hosteldieu.com\\\/wp-content\\\/uploads\\\/2021\\\/06\\\/logo-chd-noir-transparent.png\",\"width\":262,\"height\":106,\"caption\":\"Le Concert de l'Hostel Dieu\"},\"image\":{\"@id\":\"https:\\\/\\\/www.concert-hosteldieu.com\\\/#\\\/schema\\\/logo\\\/image\\\/\"},\"sameAs\":[\"https:\\\/\\\/www.facebook.com\\\/leconcert.delhosteldieu\",\"https:\\\/\\\/x.com\\\/CHDLyon\",\"https:\\\/\\\/instagram.com\\\/concert_hostel_dieu\",\"https:\\\/\\\/www.linkedin.com\\\/company\\\/le-concert-de-l'hostel-dieu\\\/\",\"https:\\\/\\\/www.youtube.com\\\/user\\\/CHDLyon\"]}]}<\/script>\n<!-- \/ Yoast SEO plugin. -->","yoast_head_json":{"title":"Lila Hajosi - Le Concert de l&#039;Hostel Dieu","robots":{"index":"index","follow":"follow","max-snippet":"max-snippet:-1","max-image-preview":"max-image-preview:large","max-video-preview":"max-video-preview:-1"},"canonical":"https:\/\/www.concert-hosteldieu.com\/en\/nos-artistes-invites\/lila-hajosi-2\/","og_locale":"en_GB","og_type":"article","og_title":"Lila Hajosi - Le Concert de l&#039;Hostel Dieu","og_description":"Artistes invit\u00e9s Lila Hajosi Mezzo-Soprano La mezzo-soprano Lila Hajosi entre en 2012 au Conservatoire d&rsquo;Aix-en-Provence en chant lyrique puis int\u00e8gre les classes d&rsquo;art dramatique, de musique ancienne et de musique de chambre. Au Conservatoire de Marseille, elle rejoint la classe [&hellip;]","og_url":"https:\/\/www.concert-hosteldieu.com\/en\/nos-artistes-invites\/lila-hajosi-2\/","og_site_name":"Le Concert de l&#039;Hostel Dieu","article_publisher":"https:\/\/www.facebook.com\/leconcert.delhosteldieu","article_modified_time":"2021-09-23T07:58:25+00:00","og_image":[{"url":"https:\/\/www.concert-hosteldieu.com\/wp-content\/uploads\/2020\/01\/concert-hostel-dieu-HAJOSI-Lila-credit-jonas-jacquel.jpg","type":"","width":"","height":""}],"twitter_misc":{"Estimated reading time":"3 minutes"},"schema":{"@context":"https:\/\/schema.org","@graph":[{"@type":"WebPage","@id":"https:\/\/www.concert-hosteldieu.com\/nos-artistes-invites\/lila-hajosi-2\/","url":"https:\/\/www.concert-hosteldieu.com\/nos-artistes-invites\/lila-hajosi-2\/","name":"Lila Hajosi - Le Concert de l&#039;Hostel Dieu","isPartOf":{"@id":"https:\/\/www.concert-hosteldieu.com\/#website"},"primaryImageOfPage":{"@id":"https:\/\/www.concert-hosteldieu.com\/nos-artistes-invites\/lila-hajosi-2\/#primaryimage"},"image":{"@id":"https:\/\/www.concert-hosteldieu.com\/nos-artistes-invites\/lila-hajosi-2\/#primaryimage"},"thumbnailUrl":"https:\/\/www.concert-hosteldieu.com\/wp-content\/uploads\/2020\/01\/concert-hostel-dieu-HAJOSI-Lila-credit-jonas-jacquel.jpg","datePublished":"2021-07-05T13:46:22+00:00","dateModified":"2021-09-23T07:58:25+00:00","breadcrumb":{"@id":"https:\/\/www.concert-hosteldieu.com\/nos-artistes-invites\/lila-hajosi-2\/#breadcrumb"},"inLanguage":"en-GB","potentialAction":[{"@type":"ReadAction","target":["https:\/\/www.concert-hosteldieu.com\/nos-artistes-invites\/lila-hajosi-2\/"]}]},{"@type":"ImageObject","inLanguage":"en-GB","@id":"https:\/\/www.concert-hosteldieu.com\/nos-artistes-invites\/lila-hajosi-2\/#primaryimage","url":"https:\/\/www.concert-hosteldieu.com\/wp-content\/uploads\/2020\/01\/concert-hostel-dieu-HAJOSI-Lila-credit-jonas-jacquel.jpg","contentUrl":"https:\/\/www.concert-hosteldieu.com\/wp-content\/uploads\/2020\/01\/concert-hostel-dieu-HAJOSI-Lila-credit-jonas-jacquel.jpg"},{"@type":"BreadcrumbList","@id":"https:\/\/www.concert-hosteldieu.com\/nos-artistes-invites\/lila-hajosi-2\/#breadcrumb","itemListElement":[{"@type":"ListItem","position":1,"name":"Accueil","item":"https:\/\/www.concert-hosteldieu.com\/"},{"@type":"ListItem","position":2,"name":"Nos artistes invit\u00e9s","item":"https:\/\/www.concert-hosteldieu.com\/nos-artistes-invites\/"},{"@type":"ListItem","position":3,"name":"Lila Hajosi"}]},{"@type":"WebSite","@id":"https:\/\/www.concert-hosteldieu.com\/#website","url":"https:\/\/www.concert-hosteldieu.com\/","name":"Le Concert de l&#039;Hostel Dieu","description":"Franck-Emmanuel Comte","publisher":{"@id":"https:\/\/www.concert-hosteldieu.com\/#organization"},"potentialAction":[{"@type":"SearchAction","target":{"@type":"EntryPoint","urlTemplate":"https:\/\/www.concert-hosteldieu.com\/?s={search_term_string}"},"query-input":{"@type":"PropertyValueSpecification","valueRequired":true,"valueName":"search_term_string"}}],"inLanguage":"en-GB"},{"@type":"Organization","@id":"https:\/\/www.concert-hosteldieu.com\/#organization","name":"Le Concert de l'Hostel Dieu","url":"https:\/\/www.concert-hosteldieu.com\/","logo":{"@type":"ImageObject","inLanguage":"en-GB","@id":"https:\/\/www.concert-hosteldieu.com\/#\/schema\/logo\/image\/","url":"https:\/\/www.concert-hosteldieu.com\/wp-content\/uploads\/2021\/06\/logo-chd-noir-transparent.png","contentUrl":"https:\/\/www.concert-hosteldieu.com\/wp-content\/uploads\/2021\/06\/logo-chd-noir-transparent.png","width":262,"height":106,"caption":"Le Concert de l'Hostel Dieu"},"image":{"@id":"https:\/\/www.concert-hosteldieu.com\/#\/schema\/logo\/image\/"},"sameAs":["https:\/\/www.facebook.com\/leconcert.delhosteldieu","https:\/\/x.com\/CHDLyon","https:\/\/instagram.com\/concert_hostel_dieu","https:\/\/www.linkedin.com\/company\/le-concert-de-l'hostel-dieu\/","https:\/\/www.youtube.com\/user\/CHDLyon"]}]}},"_links":{"self":[{"href":"http:\/\/www.concert-hosteldieu.com\/en\/wp-json\/wp\/v2\/pages\/14282","targetHints":{"allow":["GET"]}}],"collection":[{"href":"http:\/\/www.concert-hosteldieu.com\/en\/wp-json\/wp\/v2\/pages"}],"about":[{"href":"http:\/\/www.concert-hosteldieu.com\/en\/wp-json\/wp\/v2\/types\/page"}],"author":[{"embeddable":true,"href":"http:\/\/www.concert-hosteldieu.com\/en\/wp-json\/wp\/v2\/users\/2776"}],"replies":[{"embeddable":true,"href":"http:\/\/www.concert-hosteldieu.com\/en\/wp-json\/wp\/v2\/comments?post=14282"}],"version-history":[{"count":0,"href":"http:\/\/www.concert-hosteldieu.com\/en\/wp-json\/wp\/v2\/pages\/14282\/revisions"}],"up":[{"embeddable":true,"href":"http:\/\/www.concert-hosteldieu.com\/en\/wp-json\/wp\/v2\/pages\/12628"}],"wp:attachment":[{"href":"http:\/\/www.concert-hosteldieu.com\/en\/wp-json\/wp\/v2\/media?parent=14282"}],"wp:term":[{"taxonomy":"category","embeddable":true,"href":"http:\/\/www.concert-hosteldieu.com\/en\/wp-json\/wp\/v2\/categories?post=14282"},{"taxonomy":"post_tag","embeddable":true,"href":"http:\/\/www.concert-hosteldieu.com\/en\/wp-json\/wp\/v2\/tags?post=14282"}],"curies":[{"name":"wp","href":"https:\/\/api.w.org\/{rel}","templated":true}]}}